{"id":12,"date":"2025-03-19T21:08:33","date_gmt":"2025-03-19T20:08:33","guid":{"rendered":"https:\/\/smns3.idsl.pl\/?page_id=12"},"modified":"2025-03-19T21:08:33","modified_gmt":"2025-03-19T20:08:33","slug":"kontakt","status":"publish","type":"page","link":"https:\/\/smns.eu\/index.php\/kontakt\/","title":{"rendered":"Kontakt"},"content":{"rendered":"<p><a href=\"http:\/\/smns3.idsl.pl\/wp-content\/uploads\/2025\/03\/2-1.jpg\"><img loading=\"lazy\" decoding=\"async\" class=\"size-full wp-image-144 alignleft\" src=\"http:\/\/smns3.idsl.pl\/wp-content\/uploads\/2025\/03\/2-1.jpg\" alt=\"\" width=\"200\" height=\"150\" \/><\/a><\/p>\n\n\n\n<p><span style=\"font-size: large;\"><strong>Sp\u00f3\u0142dzielnia Mieszkaniowa w Nowej Sarzynie<\/strong><\/span><\/p>\n\n\n\n<p><span style=\"font-size: large;\">ul. Komisji Edukacji Narodowej 10\/11,13<\/span><\/p>\n\n\n\n\n\n<p><span style=\"font-size: large;\">37-310 Nowa Sarzyna<\/span><\/p>\n<p>&nbsp;<\/p>\n\n\n\n<p class=\"has-text-align-center\" style=\"text-align: left;\">tel.: \u00a0 \u00a0 17 24 13 430\u00a0 (biuro Zarz\u0105du ,ksi\u0119gowo\u015b\u0107)<\/p>\n\n\n\n<p class=\"has-text-align-center\" style=\"text-align: left;\">tel.: \u00a0\u00a0\u00a0 17 24 13 171\u00a0 (administracja)<\/p>\n\n\n\n<p class=\"has-text-align-center\" style=\"text-align: left;\">fax: \u00a0 \u00a0 17 24 13 430<\/p>\n\n\n\n<p class=\"has-text-align-center\"><mark class=\"has-inline-color has-vivid-green-cyan-color\" style=\"background-color: rgba(0, 0, 0, 0);\">e-mail: smns@smns.eu<\/mark><\/p>\n\n\n\n<p class=\"has-text-align-center\">NIP: 816-00-01-857<\/p>\n\n\n\n<p class=\"has-text-align-center\">Numery kont:<\/p>\n\n\n\n<p class=\"has-text-align-center\">1)\u00a0\u00a0\u00a0\u00a0\u00a0\u00a0\u00a0 Powszechna Kasa Oszcz\u0119dno\u015bci Bank Polski\u00a0 SA Oddzia\u0142 2 w Rzeszowie<\/p>\n\n\n\n<p class=\"has-text-align-center\">nr\u00a0\u00a0 78 1020 4405 0000 2502 0007 3601<\/p>\n\n\n\n<p class=\"has-text-align-center\">2)\u00a0\u00a0\u00a0\u00a0\u00a0\u00a0\u00a0 \u00a0Bank Sp\u00f3\u0142dzielczy w Stalowej Woli Oddzia\u0142 Nowa Sarzyna<\/p>\n\n\n\n<p class=\"has-text-align-center\">nr \u00a0 90 9430 1058 1000 3268 2000 0001<\/p>\n\n\n<hr class=\"wp-block-separator has-alpha-channel-opacity\" \/>\n\n\n<p class=\"has-text-align-center\"><strong>Mapa dojazdu:<\/strong><\/p>\n\n\n\n<p>&nbsp;<\/p>\n<p class=\"has-text-align-center\"><\/p>\n<p><!-- \/wp:post-content --><\/p>\n<p><iframe loading=\"lazy\" style=\"border: 0;\" src=\"https:\/\/www.google.com\/maps\/embed?pb=!1m18!1m12!1m3!1d875.0697956643461!2d22.343535603944595!3d50.31813223815614!2m3!1f0!2f0!3f0!3m2!1i1024!2i768!4f13.1!3m3!1m2!1s0x473cc51848b6b383%3A0xb867435b7a420e42!2sSp%C3%B3%C5%82dzielnia%20Mieszkaniowa%20w%20Nowej%20Sarzynie!5e0!3m2!1spl!2spl!4v1745769968566!5m2!1spl!2spl\" width=\"600\" height=\"450\" allowfullscreen=\"allowfullscreen\"><\/iframe><\/p>","protected":false},"excerpt":{"rendered":"<p>Sp\u00f3\u0142dzielnia Mieszkaniowa w Nowej Sarzynie ul. Komisji Edukacji Narodowej 10\/11,13 37-310 Nowa Sarzyna &nbsp; tel.: \u00a0 \u00a0 17 24 13 430\u00a0 (biuro Zarz\u0105du ,ksi\u0119gowo\u015b\u0107) tel.: \u00a0\u00a0\u00a0 17 24 13 171\u00a0 (administracja) fax: \u00a0 \u00a0&#46;&#46;&#46;<\/p>\n","protected":false},"author":1,"featured_media":0,"parent":0,"menu_order":0,"comment_status":"closed","ping_status":"closed","template":"","meta":{"footnotes":""},"class_list":["post-12","page","type-page","status-publish","hentry"],"_links":{"self":[{"href":"https:\/\/smns.eu\/index.php\/wp-json\/wp\/v2\/pages\/12","targetHints":{"allow":["GET"]}}],"collection":[{"href":"https:\/\/smns.eu\/index.php\/wp-json\/wp\/v2\/pages"}],"about":[{"href":"https:\/\/smns.eu\/index.php\/wp-json\/wp\/v2\/types\/page"}],"author":[{"embeddable":true,"href":"https:\/\/smns.eu\/index.php\/wp-json\/wp\/v2\/users\/1"}],"replies":[{"embeddable":true,"href":"https:\/\/smns.eu\/index.php\/wp-json\/wp\/v2\/comments?post=12"}],"version-history":[{"count":0,"href":"https:\/\/smns.eu\/index.php\/wp-json\/wp\/v2\/pages\/12\/revisions"}],"wp:attachment":[{"href":"https:\/\/smns.eu\/index.php\/wp-json\/wp\/v2\/media?parent=12"}],"curies":[{"name":"wp","href":"https:\/\/api.w.org\/{rel}","templated":true}]}}