{"id":249,"date":"2025-04-27T19:12:24","date_gmt":"2025-04-27T17:12:24","guid":{"rendered":"https:\/\/smns3.idsl.pl\/?page_id=249"},"modified":"2025-04-27T19:12:24","modified_gmt":"2025-04-27T17:12:24","slug":"klauzula-informacyjna","status":"publish","type":"page","link":"https:\/\/smns.eu\/index.php\/klauzula-informacyjna\/","title":{"rendered":"Klauzula informacyjna"},"content":{"rendered":"<p style=\"text-align: center;\">Sp\u00f3\u0142dzielnia Mieszkaniowa<br \/>\nw Nowej Sarzynie<br \/>\nul. Komisji Edukacji Narodowej 10\/11,13, 37-310 Nowa Sarzyna<\/p>\n<p style=\"text-align: left;\"><strong>KLAUZULA INFORMACYJNA DOTYCZ\u0104CA DANYCH OSOBOWYCH<\/strong><\/p>\n<p>Zgodnie z art. 13 ust. 1 i ust. 2 og\u00f3lnego rozporz\u0105dzenia o ochronie danych osobowych z dnia 27 kwietnia 2016 r. informujemy, i\u017c:<\/p>\n<ol>\n<li>Administratorem Pani\/Pana danych osobowych jest Sp\u00f3\u0142dzielnia Mieszkaniowa z siedzib\u0105 w Nowej Sarzynie ul. Komisji Edukacji Narodowej 10\/11,13, 37-310 Nowa Sarzyna;<\/li>\n<li>Pani\/Pana dane osobowe przetwarzane b\u0119d\u0105 w celu wype\u0142nienia obowi\u0105zku prawnego ci\u0105\u017c\u0105cego na administratorze na podstawie art.6 ust.1 pkt c.<\/li>\n<li>w razie konieczno\u015bci odbiorc\u0105 Pani\/Pana danych osobowych b\u0119d\u0105 podmioty \u015bwiadcz\u0105ce us\u0142ugi na rzecz Sp\u00f3\u0142dzielni Mieszkaniowej w Nowej Sarzynie na podstawie um\u00f3w powierzenia;<\/li>\n<li>Pani\/Pana dane osobowe b\u0119d\u0105 przechowywane przez okres posiadania prawa do lokalu w Sp\u00f3\u0142dzielni Mieszkaniowej;<\/li>\n<li>Posiada Pani\/Pan prawo dost\u0119pu do tre\u015bci swoich danych oraz prawo ich sprostowania, usuni\u0119cia, ograniczenia przetwarzania, prawo do przenoszenia danych, prawo wniesienia sprzeciwu;<\/li>\n<li>Ma Pan\/Pani prawo wniesienia skargi do polskiego organu nadzorczego gdy uzna Pani\/Pan, i\u017c przetwarzanie danych osobowych Pani\/Pana dotycz\u0105cych narusza przepisy prawa;<\/li>\n<li>Dane udost\u0119pnione przez Pani\u0105\/Pana nie b\u0119d\u0105 podlega\u0142y udost\u0119pnieniu podmiotom trzecim. Odbiorcami danych b\u0119d\u0105 tylko instytucje upowa\u017cnione z mocy prawa;<\/li>\n<li>Administrator danych nie ma zamiaru przekazywa\u0107 danych osobowych do pa\u0144stwa trzeciego lub organizacji mi\u0119dzynarodowej;<\/li>\n<li>Podanie przez Pana\/Pani\u0105 danych osobowych jest wymogiem ustawowym.<\/li>\n<\/ol>\n<p>&nbsp;<\/p>\n<p style=\"text-align: right;\">Zarz\u0105d Sp\u00f3\u0142dzielni<\/p>\n","protected":false},"excerpt":{"rendered":"<p>Sp\u00f3\u0142dzielnia Mieszkaniowa w Nowej Sarzynie ul. Komisji Edukacji Narodowej 10\/11,13, 37-310 Nowa Sarzyna KLAUZULA INFORMACYJNA DOTYCZ\u0104CA DANYCH OSOBOWYCH Zgodnie z art. 13 ust. 1 i ust. 2 og\u00f3lnego rozporz\u0105dzenia o ochronie danych osobowych z&#46;&#46;&#46;<\/p>\n","protected":false},"author":1,"featured_media":0,"parent":0,"menu_order":0,"comment_status":"closed","ping_status":"closed","template":"","meta":{"footnotes":""},"class_list":["post-249","page","type-page","status-publish","hentry"],"_links":{"self":[{"href":"https:\/\/smns.eu\/index.php\/wp-json\/wp\/v2\/pages\/249","targetHints":{"allow":["GET"]}}],"collection":[{"href":"https:\/\/smns.eu\/index.php\/wp-json\/wp\/v2\/pages"}],"about":[{"href":"https:\/\/smns.eu\/index.php\/wp-json\/wp\/v2\/types\/page"}],"author":[{"embeddable":true,"href":"https:\/\/smns.eu\/index.php\/wp-json\/wp\/v2\/users\/1"}],"replies":[{"embeddable":true,"href":"https:\/\/smns.eu\/index.php\/wp-json\/wp\/v2\/comments?post=249"}],"version-history":[{"count":0,"href":"https:\/\/smns.eu\/index.php\/wp-json\/wp\/v2\/pages\/249\/revisions"}],"wp:attachment":[{"href":"https:\/\/smns.eu\/index.php\/wp-json\/wp\/v2\/media?parent=249"}],"curies":[{"name":"wp","href":"https:\/\/api.w.org\/{rel}","templated":true}]}}