{"id":30,"date":"2025-03-23T14:47:10","date_gmt":"2025-03-23T13:47:10","guid":{"rendered":"https:\/\/smns3.idsl.pl\/?page_id=30"},"modified":"2025-03-23T14:47:10","modified_gmt":"2025-03-23T13:47:10","slug":"o-nas","status":"publish","type":"page","link":"https:\/\/smns.eu\/index.php\/o-nas\/","title":{"rendered":"O nas"},"content":{"rendered":"<p style=\"text-align: center;\"><b>HISTORIA<\/b><\/p>\n<h2 style=\"text-align: center;\"><\/h2>\n<h2 style=\"text-align: center;\">SP\u00d3\u0141DZIELNI\u00a0 MIESZKANIOWEJ W NOWEJ SARZYNIE<\/h2>\n<h2 style=\"text-align: center;\">OBEJMUJ\u0104CA 25 LETNI OKRES JEJ ISTNIENIA<\/h2>\n<h2 style=\"text-align: center;\"><b><img loading=\"lazy\" decoding=\"async\" class=\"alignnone size-full wp-image-144\" src=\"http:\/\/smns3.idsl.pl\/wp-content\/uploads\/2025\/03\/2-1.jpg\" alt=\"\" width=\"200\" height=\"150\" \/><\/b><\/h2>\n<p style=\"text-align: center;\">W\u00a0 dniu 11.10.1983 roku zosta\u0142o zorganizowane przez Pana Romana G\u0105gol\u0119 z inicjatywy nie\u017cyj\u0105cego Dyrektora Zak\u0142ad\u00f3w<\/p>\n<p style=\"text-align: center;\">Chemicznych W\u0142adys\u0142awa Pi\u0142ata spotkanie w sprawie celowo\u015bci zorganizowania Zak\u0142adowej Sp\u00f3\u0142dzielni Mieszkaniowej przy Zak\u0142adach Chemicznych \u201eOrganika-Sarzyna\u201d w Nowej Sarzynie.<!--more--><\/p>\n<hr id=\"system-readmore\" \/>\n<p style=\"text-align: center;\">W dniu 17.01.1984 odby\u0142o si\u0119 Zebranie Za\u0142o\u017cycielskie w kt\u00f3rym uczestniczy\u0142o dwadzie\u015bcia jeden os\u00f3b rekomendowanych przez lokalne zak\u0142ady pracy zwane z chwil\u0105 zarejestrowania Statutu cz\u0142onkami za\u0142o\u017cycielami Sp\u00f3\u0142dzielni<\/p>\n<p style=\"text-align: center;\">Do grona tych os\u00f3b nale\u017c\u0105: Burek Jerzy; Dere\u0144 Jan; Dyrkacz Wies\u0142awa; Dziurzy\u0144ski Witold; G\u0105gola Roman; Kletowska Teresa; Ko\u0142osowski Jaros\u0142aw; Michalec Irena; Morska Bo\u017cena; Noga Waldemar; Nowak Tomasz; Pi\u0105tek Andrzej; Porcja Irena; So\u0142ga Kazimierz; Superson Ryszard; Suszy\u0142o Zbigniew; Szalu\u015b Maciej; Szewc Jolanta; Szklarek Gra\u017cyna; Tupaj Stanis\u0142aw; Wolski Roman<\/p>\n<p style=\"text-align: center;\">W tym dniu uchwalono Statut Sp\u00f3\u0142dzielni i wybrano Rad\u0119 Nadzorcz\u0105 w sk\u0142adzie :<\/p>\n<p style=\"text-align: center;\">&#8211; Waldemar Noga \u2013 przewodnicz\u0105cy<\/p>\n<p style=\"text-align: center;\">&#8211; Wies\u0142awa Dyrkacz \u2013 z-ca przewodnicz\u0105cego<\/p>\n<p style=\"text-align: center;\">&#8211; Irena Porcja \u2013 cz\u0142onek<\/p>\n<p style=\"text-align: center;\">&#8211; Jaros\u0142aw Ko\u0142osowski &#8211; cz\u0142onek<\/p>\n<p style=\"text-align: center;\">&#8211; Tomasz Nowak \u2013 cz\u0142onek<\/p>\n<p style=\"text-align: center;\">oraz zarz\u0105d Sp\u00f3\u0142dzielni w sk\u0142adzie :<\/p>\n<p style=\"text-align: center;\">&#8211; Roman G\u0105gola \u2013 prezes<\/p>\n<p style=\"text-align: center;\">&#8211; Jan Dere\u0144 \u2013 z-ca prezesa<\/p>\n<p style=\"text-align: center;\">&#8211; Gra\u017cyna Szklarek \u2013 cz\u0142onek<\/p>\n<p style=\"text-align: center;\">Sp\u00f3\u0142dzielnia Mieszkaniowa zosta\u0142a wpisana do rejestru s\u0105dowego w Rzeszowie\u00a0 w dniu 27.08.1984 roku. Pod nazw\u0105 Sp\u00f3\u0142dzielnia Mieszkaniowa Lokatorsko-W\u0142asno\u015bciowa przy Zak\u0142adach Chemicznych \u201eOrganika-Sarzyna w Nowej Sarzynie<\/p>\n<p style=\"text-align: center;\">Kolejni przewodnicz\u0105cy Rady Nadzorczej :<\/p>\n<p style=\"text-align: center;\">&#8211; Roman\u00a0 G\u0105gola<\/p>\n<p style=\"text-align: center;\">&#8211; Jerzy Burek<\/p>\n<p style=\"text-align: center;\">&#8211; Kazimierz Polak<\/p>\n<p style=\"text-align: center;\">-Lechos\u0142aw Kowalewski<\/p>\n<p style=\"text-align: center;\">Pozosta\u0142e osoby pracuj\u0105ce w Radzie Nadzorczej\u00a0 &#8211; Ryszard Gajewski, Sroka Jan, Sebastian Siedlecki, J\u00f3zef Burcha\u0142a , Anna Fus, Adam Gierucki, Dorota Ha\u0142as, Helena Lory\u015b, Ryszard Mirkiewicz, Jan Obara, Kazimierz So\u0142ga, Stanis\u0142aw Wojnar, Andrzej Piech, Bogus\u0142aw Szkodzi\u0144ski, Les\u0142aw Rudzi\u0144ski, Tadeusz Kr\u00f3likowski, Zdzis\u0142aw Ziobro, J\u00f3zef Krawiec, Beata Pruchniewska-Siuzdak, Zbigniew M\u0142ynek.<\/p>\n<p style=\"text-align: center;\">Kolejni prezesi Sp\u00f3\u0142dzielni<\/p>\n<p style=\"text-align: center;\">&#8211; Marek Saj<\/p>\n<p style=\"text-align: center;\">&#8211; Jan Dere\u0144<\/p>\n<p style=\"text-align: center;\">&#8211; Zbigniew Ryfa<\/p>\n<p style=\"text-align: center;\">W sk\u0142ad zarz\u0105du w okresie 25 lat wchodzili m.in. : J\u00f3zef Gandorski, Wies\u0142awa Dyrkacz, Janusz Br\u00f3dka, Jerzy Iwasieczko, Roman G\u0105gola, Lechos\u0142aw Kowalewski, Les\u0142aw\u00a0 Rudzi\u0144ski.<\/p>\n<p style=\"text-align: center;\">W 1987 roku nast\u0105pi\u0142a zmiana nazwy Sp\u00f3\u0142dzielni\u00a0 -na Sp\u00f3\u0142dzielnia Mieszkaniowa w<\/p>\n<p style=\"text-align: center;\">Nowej Sarzynie.<\/p>\n<p style=\"text-align: center;\">Najd\u0142u\u017cej zatrudnionymi pracownikami Sp\u00f3\u0142dzielni s\u0105 \u2013 Pani Janina Wr\u00f3bel (85rok);<\/p>\n<p style=\"text-align: center;\">Zbigniew Ryfa (86); Barbara Mazurek (86); Gra\u017cyna Gaca(86); Marek Gnatek(86); Janusz Kami\u0144ski (86; Stopyra Jerzy (87); Franciszek Moskal(88); Gra\u017cyna Zagaja (89).<\/p>\n<p style=\"text-align: center;\">Z\u00a0 dniem\u00a0 01.04.1986 roku\u00a0 Sp\u00f3\u0142dzielnia przej\u0119\u0142a\u00a0 zasoby mieszkaniowe\u00a0 od Le\u017cajskiej Sp\u00f3\u0142dzielni\u00a0 Mieszkaniowej\u00a0 w liczbie 467 mieszka\u0144.<\/p>\n<p style=\"text-align: center;\">Ilo\u015b\u0107 cz\u0142onk\u00f3w zamieszka\u0142ych\u00a0 468 i 7-miu cz\u0142onk\u00f3w oczekuj\u0105cych.<\/p>\n<p style=\"text-align: center;\">W 1986 roku Sp\u00f3\u0142dzielnia przeprowadzi\u0142a nab\u00f3r cz\u0142onk\u00f3w pod planowane zadanie inwestycyjne nr 1 przyjmuj\u0105c 145 cz\u0142onk\u00f3w. Zadanie to zosta\u0142o zrealizowane\u00a0 &#8211; wybudowano cztery budynki \u0142\u0105cznie 140 mieszka\u0144.<\/p>\n<p style=\"text-align: center;\">W 1988r Sp\u00f3\u0142dzielnia podj\u0119\u0142a kolejny program budowy mieszka\u0144\u00a0 na lata 1988-1991, kt\u00f3ry zak\u0142ada\u0142\u00a0 wybudowanie 5-ciu budynk\u00f3w \u0142\u0105cznie ok. 250 mieszka\u0144 jako zadanie inwestycyjne nr.2.<\/p>\n<p style=\"text-align: center;\">Pod ten program przyj\u0119\u0142a 255-ciu cz\u0142onk\u00f3w. Zadanie to nie doczeka\u0142o si\u0119 realizacji , z powodu braku\u00a0 zainteresowania cz\u0142onk\u00f3w, spowodowanego\u00a0 niekorzystn\u0105 zmi an\u0105\u00a0 warunk\u00f3w finansowania mieszka\u0144 przez Pa\u0144stwo.<\/p>\n<p style=\"text-align: center;\">Od tego czasu liczba naszych cz\u0142onk\u00f3w systematycznie zmniejsza\u0142a si\u0119. Cz\u0142onkowie oczekuj\u0105cy otrzymywali mieszkania z tzw. odzysku, zaspokajali swoje potrzeby mieszkaniowe poza Sp\u00f3\u0142dzielni\u0105.<\/p>\n<h1 style=\"text-align: center;\">WI\u0118KSZE\u00a0 ROBOTY REMONTOWE<\/h1>\n<p style=\"text-align: center;\">W pierwszej kolejno\u015bci po przej\u0119ciu zasob\u00f3w mieszkaniowych od Le\u017cajskiej Sp\u00f3\u0142dzielni dokonano generalnego remontu dach\u00f3w na wszystkich 7-miu budynkach<\/p>\n<p style=\"text-align: center;\">Praktycznie od momentu istnienia naszej Sp\u00f3\u0142dzielni istnia\u0142y na \u00f3wczesne czasy r\u00f3\u017cne formy wspierania przez Pa\u0144stwo budownictwa mieszkaniowego tak w zakresie nowych inwestycji jak i remontu istniej\u0105cych zasob\u00f3w, kt\u00f3re trwa\u0142y do 1996r.<\/p>\n<p style=\"text-align: center;\">Nasza Sp\u00f3\u0142dzielnia skorzysta\u0142a z tych form w nast\u0119puj\u0105cym zakresie:<\/p>\n<ol style=\"text-align: center;\">\n<li>kredytu umarzalnego w 100% &#8211; na wady technologiczne typu korozja biologiczna wyk\u0142adziny LENTEX i korozja grzejnik\u00f3w blaszanych panelowych w budynkach 1-go Maja 13 i KEN 6 i 8 oraz docieplenie \u015bcian szczytowych w 7-miu budynkach<\/li>\n<li>kredytu umarzalnego w 50 % na zadanie inwestycyjne nr.1 budowa czterech budynk\u00f3w mieszkalnych wielorodzinnych<\/li>\n<li>dotacji przy udziale \u015brodk\u00f3w w\u0142asnych w wysoko\u015bci 20% na docieplenie \u015bcian pasmowych w 7-miu budynkach<\/li>\n<li>dotacji przy udziale \u015brodk\u00f3w w\u0142asnych w wysoko\u015bci 50% na opomiarowanie energii cieplnej i wymian\u0119 zawor\u00f3w przygrzejnikowych na zawory termostatyczne<\/li>\n<\/ol>\n<p style=\"text-align: center;\">W 1989 roku docieplili\u015bmy cztery budynki przy ul. Prusa z w\u0142asnych \u015brodk\u00f3w finansowych pochodz\u0105cych z przekszta\u0142ce\u0144 mieszka\u0144<\/p>\n<p style=\"text-align: center;\">R\u00f3wnolegle z tymi robotami prowadzili\u015bmy dzia\u0142ania maj\u0105ce na celu zmniejszenie koszt\u00f3w zu\u017cycia energii cieplnej w budynkach,\u00a0 polegaj\u0105ce na regulacji instalacji centralnego ogrzewania &#8211;\u00a0 w okresie pi\u0119ciu lat trzykrotnie &#8211; co przyczyni\u0142o si\u0119 do zmniejszenia mocy zam\u00f3wionej a\u00a0 w konsekwencji da\u0142o wymierne korzy\u015bci finansowe dla cz\u0142onk\u00f3w Sp\u00f3\u0142dzielni<\/p>\n<p style=\"text-align: center;\">Po tych wy\u017cej wymienionych robotach podj\u0119li\u015bmy dzia\u0142ania maj\u0105ce na celu docieplenie strop\u00f3w ostatnich kondygnacji kt\u00f3re zrealizowano w 100% zasob\u00f3w i ze \u015brodk\u00f3w w\u0142asnych Sp\u00f3\u0142dzielni &#8211;\u00a0 wcze\u015bniej dokonali\u015bmy w 100% wymiany drzwi klatkowych.<\/p>\n<p style=\"text-align: center;\">Ponadto prowadzili\u015bmy i nadal prowadzimy r\u00f3\u017cne inne roboty remontowe w wi\u0119kszo\u015bci przez w\u0142asn\u0105 grup\u0119 konserwator\u00f3w kt\u00f3re maja na celu zapewnienie bezpiecze\u0144stwa dla mieszka\u0144c\u00f3w jak i popraw\u0119 estetyki naszych zasob\u00f3w.<\/p>\n","protected":false},"excerpt":{"rendered":"<p>HISTORIA SP\u00d3\u0141DZIELNI\u00a0 MIESZKANIOWEJ W NOWEJ SARZYNIE OBEJMUJ\u0104CA 25 LETNI OKRES JEJ ISTNIENIA W\u00a0 dniu 11.10.1983 roku zosta\u0142o zorganizowane przez Pana Romana G\u0105gol\u0119 z inicjatywy nie\u017cyj\u0105cego Dyrektora Zak\u0142ad\u00f3w Chemicznych W\u0142adys\u0142awa Pi\u0142ata spotkanie w sprawie celowo\u015bci&#46;&#46;&#46;<\/p>\n","protected":false},"author":1,"featured_media":0,"parent":0,"menu_order":0,"comment_status":"closed","ping_status":"closed","template":"","meta":{"footnotes":""},"class_list":["post-30","page","type-page","status-publish","hentry"],"_links":{"self":[{"href":"https:\/\/smns.eu\/index.php\/wp-json\/wp\/v2\/pages\/30","targetHints":{"allow":["GET"]}}],"collection":[{"href":"https:\/\/smns.eu\/index.php\/wp-json\/wp\/v2\/pages"}],"about":[{"href":"https:\/\/smns.eu\/index.php\/wp-json\/wp\/v2\/types\/page"}],"author":[{"embeddable":true,"href":"https:\/\/smns.eu\/index.php\/wp-json\/wp\/v2\/users\/1"}],"replies":[{"embeddable":true,"href":"https:\/\/smns.eu\/index.php\/wp-json\/wp\/v2\/comments?post=30"}],"version-history":[{"count":0,"href":"https:\/\/smns.eu\/index.php\/wp-json\/wp\/v2\/pages\/30\/revisions"}],"wp:attachment":[{"href":"https:\/\/smns.eu\/index.php\/wp-json\/wp\/v2\/media?parent=30"}],"curies":[{"name":"wp","href":"https:\/\/api.w.org\/{rel}","templated":true}]}}