{"id":38,"date":"2025-03-23T13:44:11","date_gmt":"2025-03-23T12:44:11","guid":{"rendered":"https:\/\/smns3.idsl.pl\/?page_id=37"},"modified":"2025-03-23T13:44:11","modified_gmt":"2025-03-23T12:44:11","slug":"rada-nadzorcza-2","status":"publish","type":"page","link":"https:\/\/smns.eu\/index.php\/rada-nadzorcza-2\/","title":{"rendered":"Rada Nadzorcza"},"content":{"rendered":"<p style=\"text-align: center;\">Przewodnicz\u0105cy:<\/p>\n<h3 style=\"text-align: center;\"><b>Kazimierz Polak <\/b><b><br \/>\n<\/b><\/h3>\n<p>&nbsp;<\/p>\n<p style=\"text-align: center;\">Zast\u0119pca Przewodnicz\u0105cego:<\/p>\n<h3 style=\"text-align: center;\"><b>Marek Chmura<\/b><\/h3>\n<p>&nbsp;<\/p>\n<p style=\"text-align: center;\">Sekretarz:<\/p>\n<h3 style=\"text-align: center;\"><b>Anna Kosior<br \/>\n<\/b><\/h3>\n<p>&nbsp;<\/p>\n<p style=\"text-align: center;\">Cz\u0142onek:<\/p>\n<h3 style=\"text-align: center;\"><b>Beata Pruchniewska-Siuzdak<\/b><\/h3>\n<h3><\/h3>\n<p style=\"text-align: center;\">Cz\u0142onek:<\/p>\n<h3 style=\"text-align: center;\"><b>Zdzis\u0142aw Szklarek<br \/>\n<\/b><\/h3>\n","protected":false},"excerpt":{"rendered":"<p>Przewodnicz\u0105cy: Kazimierz Polak &nbsp; Zast\u0119pca Przewodnicz\u0105cego: Marek Chmura &nbsp; Sekretarz: Anna Kosior &nbsp; Cz\u0142onek: Beata Pruchniewska-Siuzdak Cz\u0142onek: Zdzis\u0142aw Szklarek<\/p>\n","protected":false},"author":1,"featured_media":0,"parent":0,"menu_order":0,"comment_status":"closed","ping_status":"closed","template":"","meta":{"footnotes":""},"class_list":["post-38","page","type-page","status-publish","hentry"],"_links":{"self":[{"href":"https:\/\/smns.eu\/index.php\/wp-json\/wp\/v2\/pages\/38","targetHints":{"allow":["GET"]}}],"collection":[{"href":"https:\/\/smns.eu\/index.php\/wp-json\/wp\/v2\/pages"}],"about":[{"href":"https:\/\/smns.eu\/index.php\/wp-json\/wp\/v2\/types\/page"}],"author":[{"embeddable":true,"href":"https:\/\/smns.eu\/index.php\/wp-json\/wp\/v2\/users\/1"}],"replies":[{"embeddable":true,"href":"https:\/\/smns.eu\/index.php\/wp-json\/wp\/v2\/comments?post=38"}],"version-history":[{"count":0,"href":"https:\/\/smns.eu\/index.php\/wp-json\/wp\/v2\/pages\/38\/revisions"}],"wp:attachment":[{"href":"https:\/\/smns.eu\/index.php\/wp-json\/wp\/v2\/media?parent=38"}],"curies":[{"name":"wp","href":"https:\/\/api.w.org\/{rel}","templated":true}]}}