{"id":55,"date":"2025-03-23T13:59:58","date_gmt":"2025-03-23T12:59:58","guid":{"rendered":"https:\/\/smns3.idsl.pl\/?page_id=55"},"modified":"2025-05-04T19:26:24","modified_gmt":"2025-05-04T19:26:24","slug":"regulaminy","status":"publish","type":"page","link":"https:\/\/smns.eu\/index.php\/regulaminy\/","title":{"rendered":"Regulaminy"},"content":{"rendered":"<p><a href=\"https:\/\/smns.eu\/wp-content\/uploads\/2025\/05\/regulamin_rf.pdf\">Regulamin rozlicze\u0144 finansowych Sp\u00f3\u0142dzielni Mieszkaniowej z u\u017cytkownikami lokali zwalniaj\u0105cymi lokale oraz obowi\u0105zki Sp\u00f3\u0142dzielni i u\u017cytkownik\u00f3w z tytu\u0142u u\u017cytkowania lokali i pomieszcze\u0144 przynale\u017cnych (.pdf) <\/a><\/p>\n<hr \/>\n<p><a href=\"https:\/\/smns.eu\/wp-content\/uploads\/2025\/05\/regulamin_gc.pdf\">Regulamin rozliczania koszt\u00f3w gospodarki cieplnej oraz ustalania i wnoszenia op\u0142at (.pdf) <\/a><\/p>\n<hr \/>\n<p><a href=\"https:\/\/smns.eu\/wp-content\/uploads\/2025\/05\/regulamin_gzm.pdf\">Regulamin zasad ustalania i rozliczania koszt\u00f3w gospodarki zasobami mieszkaniowymi oraz op\u0142at za u\u017cytkowanie lokali (.pdf)<\/a><\/p>\n<hr \/>\n<p><a href=\"https:\/\/smns.eu\/wp-content\/uploads\/2025\/05\/Regulamin4.pdf\">Regulamin przetargu na pierwsze\u0144stwo ustanowienia tytu\u0142u prawnego do lokalu mieszkalnego (.pdf)<\/a><\/p>\n<hr \/>\n<p><a href=\"https:\/\/smns.eu\/wp-content\/uploads\/2025\/05\/Regulamin1.pdf\">Regulamin porz\u0105dku domowego (.pdf)<\/a><\/p>\n<hr \/>\n<p><a href=\"https:\/\/smns.eu\/wp-content\/uploads\/2025\/05\/Regulamin2.pdf\">Regulamin Zarz\u0105du SM (.pdf)<\/a><\/p>\n<hr \/>\n<p><a href=\"https:\/\/smns.eu\/wp-content\/uploads\/2025\/05\/Regulamin3.pdf\">Regulamin Rady Nadzorczej SM (.pdf)<\/a><\/p>\n","protected":false},"excerpt":{"rendered":"<p>Regulamin rozlicze\u0144 finansowych Sp\u00f3\u0142dzielni Mieszkaniowej z u\u017cytkownikami lokali zwalniaj\u0105cymi lokale oraz obowi\u0105zki Sp\u00f3\u0142dzielni i u\u017cytkownik\u00f3w z tytu\u0142u u\u017cytkowania lokali i pomieszcze\u0144 przynale\u017cnych (.pdf) Regulamin rozliczania koszt\u00f3w gospodarki cieplnej oraz ustalania i wnoszenia op\u0142at (.pdf)&#46;&#46;&#46;<\/p>\n","protected":false},"author":1,"featured_media":0,"parent":0,"menu_order":0,"comment_status":"closed","ping_status":"closed","template":"","meta":{"footnotes":""},"class_list":["post-55","page","type-page","status-publish","hentry"],"_links":{"self":[{"href":"https:\/\/smns.eu\/index.php\/wp-json\/wp\/v2\/pages\/55","targetHints":{"allow":["GET"]}}],"collection":[{"href":"https:\/\/smns.eu\/index.php\/wp-json\/wp\/v2\/pages"}],"about":[{"href":"https:\/\/smns.eu\/index.php\/wp-json\/wp\/v2\/types\/page"}],"author":[{"embeddable":true,"href":"https:\/\/smns.eu\/index.php\/wp-json\/wp\/v2\/users\/1"}],"replies":[{"embeddable":true,"href":"https:\/\/smns.eu\/index.php\/wp-json\/wp\/v2\/comments?post=55"}],"version-history":[{"count":2,"href":"https:\/\/smns.eu\/index.php\/wp-json\/wp\/v2\/pages\/55\/revisions"}],"predecessor-version":[{"id":356,"href":"https:\/\/smns.eu\/index.php\/wp-json\/wp\/v2\/pages\/55\/revisions\/356"}],"wp:attachment":[{"href":"https:\/\/smns.eu\/index.php\/wp-json\/wp\/v2\/media?parent=55"}],"curies":[{"name":"wp","href":"https:\/\/api.w.org\/{rel}","templated":true}]}}