{"id":58,"date":"2025-03-23T13:59:58","date_gmt":"2025-03-23T12:59:58","guid":{"rendered":"https:\/\/smns3.idsl.pl\/?page_id=58"},"modified":"2025-03-23T13:59:58","modified_gmt":"2025-03-23T12:59:58","slug":"uchwaly-rady-nadzorczej","status":"publish","type":"page","link":"https:\/\/smns.eu\/index.php\/uchwaly-rady-nadzorczej\/","title":{"rendered":"Uchwa\u0142y Rady Nadzorczej"},"content":{"rendered":"<p><b>Uchwa\u0142y Rady Nadzorczej \u00a0Sp\u00f3\u0142dzielni Mieszkaniowej w Nowej Sarzynie<\/b><\/p>\n<p><b>2011 rok <\/b><\/p>\n<p>&nbsp;<\/p>\n<p><b>Nr 1\/2011<\/b> z dnia 31.03.2011 r. w sprawie wyga\u015bni\u0119cia sp\u00f3\u0142dzielczego lokatorskiego prawa do lokalu mieszkalnego.<\/p>\n<p><b>Nr 2\/2011<\/b> z dnia 14.04.2011 r. w sprawie zmiany planu gospodarczo-finansowego Sp\u00f3\u0142dzielni mieszkaniowej w Nowej Sarzynie na 2010 rok.<\/p>\n<p><b>Nr 3\/2011<\/b> z dnia 18.05.2011 r. w sprawie przyj\u0119cia sprawozdania finansowego Sp\u00f3\u0142dzielni Mieszkaniowej w Nowej Sarzynie za 2010 rok.<\/p>\n","protected":false},"excerpt":{"rendered":"<p>Uchwa\u0142y Rady Nadzorczej \u00a0Sp\u00f3\u0142dzielni Mieszkaniowej w Nowej Sarzynie 2011 rok &nbsp; Nr 1\/2011 z dnia 31.03.2011 r. w sprawie wyga\u015bni\u0119cia sp\u00f3\u0142dzielczego lokatorskiego prawa do lokalu mieszkalnego. Nr 2\/2011 z dnia 14.04.2011 r. w sprawie&#46;&#46;&#46;<\/p>\n","protected":false},"author":1,"featured_media":0,"parent":0,"menu_order":0,"comment_status":"closed","ping_status":"closed","template":"","meta":{"footnotes":""},"class_list":["post-58","page","type-page","status-publish","hentry"],"_links":{"self":[{"href":"https:\/\/smns.eu\/index.php\/wp-json\/wp\/v2\/pages\/58","targetHints":{"allow":["GET"]}}],"collection":[{"href":"https:\/\/smns.eu\/index.php\/wp-json\/wp\/v2\/pages"}],"about":[{"href":"https:\/\/smns.eu\/index.php\/wp-json\/wp\/v2\/types\/page"}],"author":[{"embeddable":true,"href":"https:\/\/smns.eu\/index.php\/wp-json\/wp\/v2\/users\/1"}],"replies":[{"embeddable":true,"href":"https:\/\/smns.eu\/index.php\/wp-json\/wp\/v2\/comments?post=58"}],"version-history":[{"count":0,"href":"https:\/\/smns.eu\/index.php\/wp-json\/wp\/v2\/pages\/58\/revisions"}],"wp:attachment":[{"href":"https:\/\/smns.eu\/index.php\/wp-json\/wp\/v2\/media?parent=58"}],"curies":[{"name":"wp","href":"https:\/\/api.w.org\/{rel}","templated":true}]}}