{"id":59,"date":"2025-03-23T13:59:58","date_gmt":"2025-03-23T12:59:58","guid":{"rendered":"https:\/\/smns3.idsl.pl\/?page_id=59"},"modified":"2025-03-23T13:59:58","modified_gmt":"2025-03-23T12:59:58","slug":"uchwaly-zarzadu","status":"publish","type":"page","link":"https:\/\/smns.eu\/index.php\/uchwaly-zarzadu\/","title":{"rendered":"Uchwa\u0142y Zarz\u0105du"},"content":{"rendered":"<p><b>Uchwa\u0142y Zarz\u0105du Sp\u00f3\u0142dzielni Mieszkaniowej w Nowej Sarzynie<\/b><\/p>\n<p><b>2011 rok <\/b><\/p>\n<p>&nbsp;<\/p>\n<p><b>Nr 1\/2011<\/b> z dnia 27.01.2011 r. w sprawie ustalenia stawki 1-roboczogodziny dla zespo\u0142u konserwator\u00f3w.<\/p>\n<p><b>Nr 2\/2011<\/b> z dnia 27.01.2011 r. w sprawie przyj\u0119cia cz\u0142onka.<\/p>\n<p><b>Nr 3\/2011<\/b> z dnia 17.03.2011 r. w sprawie przyj\u0119cia cz\u0142onk\u00f3w.<\/p>\n<p><b>Nr 4\/2011<\/b> z dnia 04.05.2011 r. w sprawie przyj\u0119cia cz\u0142onk\u00f3w.<\/p>\n<p><b>Nr 5\/2011<\/b> z dnia 18.05.2011 r. w sprawie zwo\u0142ania Walnego Zgromadzenia Cz\u0142onk\u00f3w<\/p>\n<p>w 2011 roku oraz ustalenia porz\u0105dku obrad.<\/p>\n<p><b>Nr 6\/2011<\/b> z dnia 18.05.2011 r. w sprawie zmiany regulaminu wynagradzania pracownik\u00f3w Sp\u00f3\u0142dzielni Mieszkaniowej w Nowej Sarzynie.<\/p>\n<p><b>Nr 7\/21011<\/b> z dnia 18.05.2011 r. w sprawie przyj\u0119cia cz\u0142onka.<\/p>\n","protected":false},"excerpt":{"rendered":"<p>Uchwa\u0142y Zarz\u0105du Sp\u00f3\u0142dzielni Mieszkaniowej w Nowej Sarzynie 2011 rok &nbsp; Nr 1\/2011 z dnia 27.01.2011 r. w sprawie ustalenia stawki 1-roboczogodziny dla zespo\u0142u konserwator\u00f3w. Nr 2\/2011 z dnia 27.01.2011 r. w sprawie przyj\u0119cia cz\u0142onka.&#46;&#46;&#46;<\/p>\n","protected":false},"author":1,"featured_media":0,"parent":0,"menu_order":0,"comment_status":"closed","ping_status":"closed","template":"","meta":{"footnotes":""},"class_list":["post-59","page","type-page","status-publish","hentry"],"_links":{"self":[{"href":"https:\/\/smns.eu\/index.php\/wp-json\/wp\/v2\/pages\/59","targetHints":{"allow":["GET"]}}],"collection":[{"href":"https:\/\/smns.eu\/index.php\/wp-json\/wp\/v2\/pages"}],"about":[{"href":"https:\/\/smns.eu\/index.php\/wp-json\/wp\/v2\/types\/page"}],"author":[{"embeddable":true,"href":"https:\/\/smns.eu\/index.php\/wp-json\/wp\/v2\/users\/1"}],"replies":[{"embeddable":true,"href":"https:\/\/smns.eu\/index.php\/wp-json\/wp\/v2\/comments?post=59"}],"version-history":[{"count":0,"href":"https:\/\/smns.eu\/index.php\/wp-json\/wp\/v2\/pages\/59\/revisions"}],"wp:attachment":[{"href":"https:\/\/smns.eu\/index.php\/wp-json\/wp\/v2\/media?parent=59"}],"curies":[{"name":"wp","href":"https:\/\/api.w.org\/{rel}","templated":true}]}}