{"id":94,"date":"2025-03-23T14:10:13","date_gmt":"2025-03-23T13:10:13","guid":{"rendered":"https:\/\/smns3.idsl.pl\/?page_id=94"},"modified":"2025-05-04T19:31:07","modified_gmt":"2025-05-04T19:31:07","slug":"druki","status":"publish","type":"page","link":"https:\/\/smns.eu\/index.php\/druki\/","title":{"rendered":"Druki"},"content":{"rendered":"<p><a href=\"https:\/\/smns.eu\/wp-content\/uploads\/2025\/05\/oswiadczenie2020.pdf\">O\u015bwiadczenie dot. wyra\u017cenia zgody na przesy\u0142anie korespondencji drog\u0105 elektroniczn\u0105 oraz do kontakt\u00f3w telefonicznych (za\u0142\u0105cznik .pdf)<\/a><\/p>\n<hr \/>\n<p><a href=\"https:\/\/smns.eu\/wp-content\/uploads\/2025\/05\/Klauzula.pdf\">Klauzula informacyjna Sp\u00f3\u0142dzielni Mieszkaniowej w Nowej Sarzynie (.pdf)<\/a><\/p>\n<hr \/>\n<p><a href=\"https:\/\/smns.eu\/wp-content\/uploads\/2025\/05\/deklaracja.pdf\">Deklaracja przyst\u0105pienia do Sp\u00f3\u0142dzielni Mieszkaniowej w Nowej Sarzynie (.pdf)<\/a><\/p>\n<hr \/>\n<p><a href=\"https:\/\/smns.eu\/wp-content\/uploads\/2025\/05\/oswiadczenie.pdf\">O\u015bwiadczenie przyst\u0105pienia do przetargu (.pdf)<\/a><\/p>\n<hr \/>\n<p><a href=\"https:\/\/smns.eu\/wp-content\/uploads\/2025\/05\/oswiadczenie_odpady.pdf\">O\u015bwiadczenie o ilo\u015bci zamieszka\u0142ych os\u00f3b (.pdf)<\/a><\/p>\n<hr \/>\n<p><a href=\"https:\/\/smns.eu\/wp-content\/uploads\/2025\/05\/zaliczka_woda.pdf\"> Druk na zmian\u0119 zaliczki na wod\u0119 (.pdf)<\/a><\/p>\n<hr \/>\n<p>&nbsp;<\/p>\n","protected":false},"excerpt":{"rendered":"<p>O\u015bwiadczenie dot. wyra\u017cenia zgody na przesy\u0142anie korespondencji drog\u0105 elektroniczn\u0105 oraz do kontakt\u00f3w telefonicznych (za\u0142\u0105cznik .pdf) Klauzula informacyjna Sp\u00f3\u0142dzielni Mieszkaniowej w Nowej Sarzynie (.pdf) Deklaracja przyst\u0105pienia do Sp\u00f3\u0142dzielni Mieszkaniowej w Nowej Sarzynie (.pdf) O\u015bwiadczenie przyst\u0105pienia&#46;&#46;&#46;<\/p>\n","protected":false},"author":1,"featured_media":0,"parent":0,"menu_order":0,"comment_status":"closed","ping_status":"closed","template":"","meta":{"footnotes":""},"class_list":["post-94","page","type-page","status-publish","hentry"],"_links":{"self":[{"href":"https:\/\/smns.eu\/index.php\/wp-json\/wp\/v2\/pages\/94","targetHints":{"allow":["GET"]}}],"collection":[{"href":"https:\/\/smns.eu\/index.php\/wp-json\/wp\/v2\/pages"}],"about":[{"href":"https:\/\/smns.eu\/index.php\/wp-json\/wp\/v2\/types\/page"}],"author":[{"embeddable":true,"href":"https:\/\/smns.eu\/index.php\/wp-json\/wp\/v2\/users\/1"}],"replies":[{"embeddable":true,"href":"https:\/\/smns.eu\/index.php\/wp-json\/wp\/v2\/comments?post=94"}],"version-history":[{"count":2,"href":"https:\/\/smns.eu\/index.php\/wp-json\/wp\/v2\/pages\/94\/revisions"}],"predecessor-version":[{"id":358,"href":"https:\/\/smns.eu\/index.php\/wp-json\/wp\/v2\/pages\/94\/revisions\/358"}],"wp:attachment":[{"href":"https:\/\/smns.eu\/index.php\/wp-json\/wp\/v2\/media?parent=94"}],"curies":[{"name":"wp","href":"https:\/\/api.w.org\/{rel}","templated":true}]}}