{"id":95,"date":"2025-03-23T14:10:13","date_gmt":"2025-03-23T13:10:13","guid":{"rendered":"https:\/\/smns3.idsl.pl\/?page_id=95"},"modified":"2026-05-02T10:17:00","modified_gmt":"2026-05-02T10:17:00","slug":"aktualnosci","status":"publish","type":"page","link":"https:\/\/smns.eu\/","title":{"rendered":"Aktualno\u015bci"},"content":{"rendered":"<p style=\"text-align: center;\"><strong>ZAWIADOMIENIE<\/strong><\/p>\n<p>Zarz\u0105d Sp\u00f3\u0142dzielni Mieszkaniowej w Nowej Sarzynie, zgodnie z <span style=\"font-family: Liberation Serif, serif;\">\u00a77<\/span>3 ust. 1, <span style=\"font-family: Liberation Serif, serif;\">\u00a7<\/span>74,\u00a0<span style=\"font-family: Liberation Serif, serif;\">\u00a7<\/span>90 ust.2 pkt.11 Statutu zwo\u0142uje Walne Zgromadzenie Cz\u0142onk\u00f3w Sp\u00f3\u0142dzielni w dniu 27-05-2026r. o godzinie 17:00 w Miejskim O\u015brodku Sportu i Rekreacji w Nowej Sarzynie, ul. M.Konopnickiej 2<\/p>\n<p style=\"text-align: center;\"><span style=\"color: #ff0000;\"><a style=\"color: #ff0000;\" href=\"https:\/\/smns.eu\/wp-content\/uploads\/2026\/05\/WZ2026.pdf\">&gt;&gt;- &#8211; &#8211; &#8211;\u00a0 \u00a0 \u00a0Pe\u0142na tre\u015b\u0107 zawiadomienia kliknij tutaj\u00a0 \u00a0 &#8211; &#8211; &#8211; &#8211; &lt;&lt;<\/a><\/span><\/p>\n<p>&nbsp;<\/p>\n<hr \/>\n<p style=\"text-align: center;\">UNIQA TU S.A. zach\u0119ca do skorzystania z mo\u017cliwo\u015bci ubezpieczenia mieszkania, przygotowanego z my\u015bl\u0105 o mieszka\u0144cach Sp\u00f3\u0142dzielni.<\/p>\n<p>&nbsp;<\/p>\n<p style=\"text-align: center;\">Ubezpieczenie BEZPIECZNE MIESZKANIE to produkt z szerokim zakresem ochrony i mo\u017cliwo\u015bci\u0105 op\u0142acania sk\u0142adek ubezpieczeniowych miesi\u0119cznie wraz z op\u0142atami czynszowymi.<\/p>\n<p style=\"text-align: center;\">Szczeg\u00f3\u0142owe informacje uzyskasz na stronie UNIQA, klikaj\u0105c w poni\u017cszy baner:<\/p>\n<p><a href=\"https:\/\/mieszkania.uniqa24.pl\/uniqa-pgi-web\/landingPage.html?sm=81b7be43-6738-4903-b3ac-902175d78ac6\"><img loading=\"lazy\" decoding=\"async\" class=\"aligncenter wp-image-398 size-large\" src=\"https:\/\/smns.eu\/wp-content\/uploads\/2025\/05\/baner-wniosek-szczegoly-1737x1015-1-1024x598.png\" alt=\"UNIQA\" width=\"1024\" height=\"598\" srcset=\"https:\/\/smns.eu\/wp-content\/uploads\/2025\/05\/baner-wniosek-szczegoly-1737x1015-1-1024x598.png 1024w, https:\/\/smns.eu\/wp-content\/uploads\/2025\/05\/baner-wniosek-szczegoly-1737x1015-1-300x175.png 300w, https:\/\/smns.eu\/wp-content\/uploads\/2025\/05\/baner-wniosek-szczegoly-1737x1015-1-768x449.png 768w, https:\/\/smns.eu\/wp-content\/uploads\/2025\/05\/baner-wniosek-szczegoly-1737x1015-1-1536x898.png 1536w, https:\/\/smns.eu\/wp-content\/uploads\/2025\/05\/baner-wniosek-szczegoly-1737x1015-1.png 1737w\" sizes=\"auto, (max-width: 1024px) 100vw, 1024px\" \/><\/a><\/p>\n<p>&nbsp;<\/p>\n<hr \/>\n<p>&nbsp;<\/p>\n<p style=\"text-align: center;\"><b>I<u>nformacja dla mieszka\u0144c\u00f3w o bonie energetycznym.<\/u><\/b><\/p>\n<p style=\"text-align: center;\">Zasady i tryb przyznawania, ustalania wysoko\u015bci i wyp\u0142acania bonu energetycznego okre\u015bla <i>Ustawa z dnia 23 maja 2024r. o bonie energetycznym oraz o zmianie niekt\u00f3rych ustaw<\/i><\/p>\n<p style=\"text-align: center;\"><i> w celu ograniczenia cen energii elektrycznej, gazu ziemnego i ciep\u0142a systemowego.<\/i><\/p>\n<p style=\"text-align: center;\"><b>Bon energetyczny <\/b>jest \u015bwiadczeniem pieni\u0119\u017cnym przys\u0142uguj\u0105cym jednorazowo gospodarstwu domowemu jednoosobowemu oraz wieloosobowemu, w kt\u00f3rych wysoko\u015b\u0107 przeci\u0119tnego dochodu za 2023r. nie przekracza\u0142a:<\/p>\n<p style=\"text-align: center;\">&#8211; dla gospodarstwa jednoosobowego <b>2500 z\u0142 na osob\u0119<\/b><\/p>\n<p style=\"text-align: center;\"><b>&#8211; <\/b>dla gospodarstwa wieloosobowego <b>1700 z\u0142 na osob\u0119.<\/b><\/p>\n<p style=\"text-align: center;\"><i>Chodzi tu o wysoko\u015b\u0107 przeci\u0119tnego miesi\u0119cznego dochodu w rozumieniu art. 3 pkt 1 ustawy z 28 listopada 2003r. o \u015bwiadczeniach rodzinnych (tekst jednolity: Dz. U. z 2024r. poz. 323).<\/i><\/p>\n<p style=\"text-align: center;\">W przypadku gdy wysoko\u015b\u0107 przeci\u0119tnego dochodu za 2023r. na osob\u0119 przekracza\u0142a kwoty dochodu 2500 z\u0142 lub 1700 z\u0142 na osob\u0119, bon energetyczny przys\u0142uguje w wysoko\u015bci r\u00f3\u017cnicy mi\u0119dzy kwot\u0105 bonu energetycznego a kwot\u0105 o kt\u00f3r\u0105 zosta\u0142 przekroczony przeci\u0119tny doch\u00f3d za 2023r. na osob\u0119. Minimalna kwota wyp\u0142acanych bon\u00f3w b\u0119dzie wynosi\u0107 20 z\u0142.<\/p>\n<p style=\"text-align: center;\"><u><b>Bon energetyczny za okres od 01 lipca 2024r. do 31 grudnia 2024r. jest wyp\u0142acany jednorazowo.<\/b><\/u><\/p>\n<p style=\"text-align: center;\"><u>Bon energetyczny przyznaje si\u0119 w wysoko\u015bci:<\/u><\/p>\n<p style=\"text-align: center;\">1. <b>300 z\u0142<\/b> &#8211; dla gospodarstwa domowego jednoosobowego<\/p>\n<p style=\"text-align: center;\">2. <b>400 z\u0142<\/b> &#8211; dla gospodarstwa domowego wieloosobowego sk\u0142adaj\u0105cego si\u0119 z 2 do 3 os\u00f3b<\/p>\n<p style=\"text-align: center;\">3. <b>500 z\u0142<\/b> &#8211; dla gospodarstwa domowego wieloosobowego sk\u0142adaj\u0105cego si\u0119 z 4 do 5 os\u00f3b<\/p>\n<p style=\"text-align: center;\">4. <b>600 z\u0142 <\/b>&#8211; dla gospodarstwa domowego wieloosobowego sk\u0142adaj\u0105cego si\u0119 z co najmniej 6 os\u00f3b.<\/p>\n<p style=\"text-align: center;\"><u>W przypadku gdy g\u0142\u00f3wne \u017ar\u00f3d\u0142o ogrzewania danego gospodarstwa domowego jest zasilane energi\u0105 elektryczn\u0105 i jest wpisane lub zg\u0142oszone do centralnej ewidencji emisyjno\u015bci budynk\u00f3w, bon energetyczny przyznaje si\u0119 w wysoko\u015bci:<\/u><\/p>\n<p style=\"text-align: center;\">1. <b>600 z\u0142 <\/b>&#8211; dla gospodarstwa domowego jednoosobowego<\/p>\n<p style=\"text-align: center;\">2. <b>800 z\u0142<\/b> &#8211; dla gospodarstwa domowego wieloosobowego sk\u0142adaj\u0105cego si\u0119 z 2 do 3 os\u00f3b<\/p>\n<p style=\"text-align: center;\">3. <b>1000 z\u0142<\/b> &#8211; dla gospodarstwa domowego wieloosobowego sk\u0142adaj\u0105cego si\u0119 z 4 do 5 os\u00f3b<\/p>\n<p style=\"text-align: center;\">4. <b>1200 <\/b><b>z\u0142<\/b> &#8211; dla gospodarstwa domowego wieloosobowego sk\u0142adaj\u0105cego si\u0119 z co najmniej 6 os\u00f3b.<\/p>\n<p style=\"text-align: center;\"><b>Wniosek o wyp\u0142at\u0119 bonu energetycznego nale\u017cy z\u0142o\u017cy\u0107 do MGOPS w Nowej Sarzynie ul. Ignacego \u0141ukasiewicza 2 tel. 177178169 do dnia 30 wrze\u015bnia 2024r.<\/b><\/p>\n<p style=\"text-align: center;\"><b>Po tym terminie wnioski nie b\u0119d\u0105 rozpatrywane.<\/b><\/p>\n","protected":false},"excerpt":{"rendered":"<p>ZAWIADOMIENIE Zarz\u0105d Sp\u00f3\u0142dzielni Mieszkaniowej w Nowej Sarzynie, zgodnie z \u00a773 ust. 1, \u00a774,\u00a0\u00a790 ust.2 pkt.11 Statutu zwo\u0142uje Walne Zgromadzenie Cz\u0142onk\u00f3w Sp\u00f3\u0142dzielni w dniu 27-05-2026r. o godzinie 17:00 w Miejskim O\u015brodku Sportu i Rekreacji w&#46;&#46;&#46;<\/p>\n","protected":false},"author":1,"featured_media":0,"parent":0,"menu_order":0,"comment_status":"closed","ping_status":"closed","template":"","meta":{"footnotes":""},"class_list":["post-95","page","type-page","status-publish","hentry"],"_links":{"self":[{"href":"https:\/\/smns.eu\/index.php\/wp-json\/wp\/v2\/pages\/95","targetHints":{"allow":["GET"]}}],"collection":[{"href":"https:\/\/smns.eu\/index.php\/wp-json\/wp\/v2\/pages"}],"about":[{"href":"https:\/\/smns.eu\/index.php\/wp-json\/wp\/v2\/types\/page"}],"author":[{"embeddable":true,"href":"https:\/\/smns.eu\/index.php\/wp-json\/wp\/v2\/users\/1"}],"replies":[{"embeddable":true,"href":"https:\/\/smns.eu\/index.php\/wp-json\/wp\/v2\/comments?post=95"}],"version-history":[{"count":24,"href":"https:\/\/smns.eu\/index.php\/wp-json\/wp\/v2\/pages\/95\/revisions"}],"predecessor-version":[{"id":427,"href":"https:\/\/smns.eu\/index.php\/wp-json\/wp\/v2\/pages\/95\/revisions\/427"}],"wp:attachment":[{"href":"https:\/\/smns.eu\/index.php\/wp-json\/wp\/v2\/media?parent=95"}],"curies":[{"name":"wp","href":"https:\/\/api.w.org\/{rel}","templated":true}]}}